{"id":3,"date":"2020-05-25T17:22:59","date_gmt":"2020-05-25T17:22:59","guid":{"rendered":"https:\/\/ecovasos.com.mx\/?page_id=3"},"modified":"2020-07-24T14:19:34","modified_gmt":"2020-07-24T14:19:34","slug":"politica-privacidad","status":"publish","type":"page","link":"https:\/\/ecovasos.com.mx\/en\/politica-privacidad\/","title":{"rendered":"Pol\u00edtica de privacidad"},"content":{"rendered":"<p style=\"text-align: justify;\">La protecci\u00f3n de sus datos personales y la privacidad es muy importante, es por eso que ponemos a disposici\u00f3n el presente aviso de privacidad con la intenci\u00f3n de que nuestros clientes y usuarios puedan conocer la informaci\u00f3n de car\u00e1cter personal que se recaba, su finalidad, sus cuidados y m\u00e9todos para ejercer sus derechos ARCO.<\/p>\n<p style=\"text-align: justify;\">Le\u00a0\u00a0 informamos\u00a0\u00a0 que\u00a0\u00a0 el\u00a0\u00a0 responsable\u00a0\u00a0 del\u00a0\u00a0 tratamiento\u00a0\u00a0 de\u00a0\u00a0 la\u00a0\u00a0 informaci\u00f3n es\u00a0<strong>ECOVASOS<\/strong>, por lo que de acuerdo a lo dispuesto en la Ley Federal de Protecci\u00f3n de Datos Personales en Posesi\u00f3n de los Particulares y su reglamento le informamos lo siguiente:<\/p>\n<h3 style=\"text-align: justify;\">FINALIDAD<\/h3>\n<p style=\"text-align: justify;\"><strong>\u00bfQu\u00e9 es la finalidad?<\/strong><\/p>\n<p style=\"text-align: justify;\">Este concepto nos indica el tratamiento que haremos de su informaci\u00f3n, lo cual ser\u00e1 \u00fanicamente de acuerdo a lo establecido en el presente aviso de privacidad.<\/p>\n<p style=\"text-align: justify;\">La finalidad de la obtenci\u00f3n de datos personales que recabamos es para poder proporcionarle un servicio de acuerdo a sus necesidades y servicios que ofrece la empresa, por lo que si Usted no desea proporcionar la informaci\u00f3n que se le solicita nos veremos imposibilitados en ofrecerle el servicio que Usted merece.<\/p>\n<p style=\"text-align: justify;\">La finalidad de la obtenci\u00f3n de datos personales que recabamos de Usted en medios an\u00e1logos son las siguientes:<\/p>\n<ul style=\"text-align: justify;\">\n<li>Gesti\u00f3n, control,\u00a0\u00a0 administraci\u00f3n\u00a0\u00a0\u00a0 y\u00a0\u00a0 actualizaci\u00f3n\u00a0\u00a0\u00a0 de\u00a0\u00a0 la informaci\u00f3n relacionada con los clientes del Responsable.<\/li>\n<li>Identificaci\u00f3n de personas f\u00edsicas y representantes legales o contactos designados por personas<\/li>\n<li>Facturaci\u00f3n de los servicios y productos proporcionados, as\u00ed como su cobro judicial o<\/li>\n<li>Relaci\u00f3n comercial en marketing digital, branding y dise\u00f1o, video corporativo, fotograf\u00eda profesional y publicidad exterior.<\/li>\n<li>Registro hist\u00f3rico de<\/li>\n<li>Canal de comunicaci\u00f3n.<\/li>\n<\/ul>\n<h3 style=\"text-align: justify;\">FINALIDADES ADICIONALES:<\/h3>\n<ul style=\"text-align: justify;\">\n<li>Env\u00edos de informaci\u00f3n y ofertas comerciales sobre nuestros<\/li>\n<li>Levantamiento de encuestas de satisfacci\u00f3n.<\/li>\n<\/ul>\n<p style=\"text-align: justify;\"><strong>De nuestra p\u00e1gina de internet<\/strong><\/p>\n<h3 style=\"text-align: justify;\">DATOS RECABADOS<\/h3>\n<p style=\"text-align: justify;\">Los datos personales que recabamos de Usted son los siguientes:<\/p>\n<ul style=\"text-align: justify;\">\n<li>Nombre<\/li>\n<li>Nombre del representante legal (personas morales)<\/li>\n<li>Domicilio<\/li>\n<li>Tel\u00e9fono<\/li>\n<li>Celular<\/li>\n<li>Correo electr\u00f3nico.<\/li>\n<li>RFC (solo cuando realice alg\u00fan pago)<\/li>\n<li>ID de Facebook<\/li>\n<\/ul>\n<h3 style=\"text-align: justify;\">TRANSFERENCIA DE DATOS<strong>\u00a0<\/strong><\/h3>\n<p style=\"text-align: justify;\"><strong>EL RESPONSABLE\u00a0<\/strong>realiza transferencia nacional de datos de nuestros clientes \u00fanicamente al momento de hacer alg\u00fan pago con la empresa, ya que la transferencia se efect\u00faa hacia el Servicio de Administraci\u00f3n Tributaria y sus proveedores certificados en virtud de la facturaci\u00f3n electr\u00f3nica, supuesto en el que no se requiere de su consentimiento de acuerdo a lo establecido en el art\u00edculo 37 de la Ley Federal de Protecci\u00f3n de Datos Personales en Posesi\u00f3n de los Particulares.<\/p>\n<h3 style=\"text-align: justify;\">EJERCICIO DE LOS DERECHOS ARCO<\/h3>\n<p style=\"text-align: justify;\">En todos aquellos casos legalmente procedentes, usted podr\u00e1 ejercer en todo momento sus derechos de Acceso, Rectificaci\u00f3n, Cancelaci\u00f3n y Oposici\u00f3n (ARCO) a trav\u00e9s de los procedimientos que hemos implementado.<\/p>\n<p style=\"text-align: justify;\">La solicitud correspondiente (ver formato de derechos ARCO) deber\u00e1 cumplir con los requisitos establecidos en la legislaci\u00f3n vigente, mediante escrito dirigido a nuestro Departamento de Datos Personales, en el domicilio fiscal de la empresa.<\/p>\n<p style=\"text-align: justify;\">La solicitud deber\u00e1 contener y acompa\u00f1ar lo siguiente:<\/p>\n<ul style=\"text-align: justify;\">\n<li>Su nombre y domicilio u otro medio para comunicarle la respuesta a su solicitud.<\/li>\n<li>Los documentos que acrediten su identidad o, en su caso, la representaci\u00f3n legal.<\/li>\n<li>La descripci\u00f3n clara y precisa de los datos personales respecto de los que se busca ejercer alguno de los Derechos ARCO; y<\/li>\n<li>Cualquier otro elemento o documento que facilite la localizaci\u00f3n de los datos<\/li>\n<\/ul>\n<p style=\"text-align: justify;\">El Responsable le comunicar\u00e1, en un plazo m\u00e1ximo de veinte d\u00edas h\u00e1biles, contados desde la fecha en que aqu\u00e9l reciba la solicitud correspondiente, la determinaci\u00f3n adoptada. Si la solicitud resulta procedente, \u00e9sta se har\u00e1 efectiva dentro de los quinces d\u00edas h\u00e1biles siguientes a la fecha en que el Responsable comunique la respuesta. En caso de que la informaci\u00f3n proporcionada en su solicitud resulte err\u00f3nea o insuficiente, o no se acompa\u00f1en los documentos necesarios para acreditar su identidad o la representaci\u00f3n legal correspondiente, el Responsable, dentro de los cinco d\u00edas h\u00e1biles siguientes a la recepci\u00f3n de su solicitud, requerir\u00e1 la subsanaci\u00f3n de las deficiencias para poder dar tr\u00e1mite a la misma. En estos casos, usted contar\u00e1 con diez d\u00edas h\u00e1biles para atender el requerimiento de subsanaci\u00f3n, contados a partir del d\u00eda siguiente en que hubiere recibido esta solicitud. La solicitud correspondiente se tendr\u00e1 por no presentada si usted no responde dentro de dicho plazo.<\/p>\n<p style=\"text-align: justify;\">Usted podr\u00e1 obtener la informaci\u00f3n o datos personales solicitados a trav\u00e9s de copias simples, documentos electr\u00f3nicos en formatos convencionales (Word, PDF, etc.), o a trav\u00e9s de cualquier otro medio leg\u00edtimo que garantice y acredite el ejercicio efectivo del derecho solicitado.<\/p>\n<p style=\"text-align: justify;\">Usted ser\u00e1 responsable de mantener actualizados sus datos personales en posesi\u00f3n de Responsable. Por lo anterior, usted garantiza y responde, en cualquier caso, de la veracidad, exactitud, vigencia y autenticidad de los datos personales facilitados, y se compromete a mantenerlos debidamente actualizados, comunicando cualquier cambio a Responsable.<\/p>\n<h3 style=\"text-align: justify;\">REVOCACI\u00d3N DEL CONSENTIMIENTO<\/h3>\n<p style=\"text-align: justify;\">Usted podr\u00e1 revocar su consentimiento para el tratamiento de sus datos personales, sin efectos retroactivos, en todos aquellos casos en que dicha revocaci\u00f3n no suponga la imposibilidad de cumplir obligaciones derivadas de una relaci\u00f3n jur\u00eddica vigente entre usted y el Responsable.<\/p>\n<p style=\"text-align: justify;\">El procedimiento para la revocaci\u00f3n del consentimiento, en su caso, ser\u00e1 el mismo que el establecido en el apartado inmediato anterior para el ejercicio de los derechos ARCO.<\/p>\n<h3 style=\"text-align: justify;\">LIMITACIONES SOBRE EL USO Y DIVULGACI\u00d3N DE SUS DATOS PERSONALES<\/h3>\n<p style=\"text-align: justify;\">Usted podr\u00e1 limitar el uso o divulgaci\u00f3n de sus datos personales dirigiendo la solicitud correspondiente a nuestro Responsable de Datos Personales en el domicilio fiscal. Los requisitos para acreditar su identidad, as\u00ed como el procedimiento para atender su solicitud ser\u00e1n los mismos que los se\u00f1alados en el apartado \u201cEjercicio de los derechos ARCO\u201d. El Responsable cuenta con medios y procedimientos para asegurar la inclusi\u00f3n de algunos de sus datos en listados de exclusi\u00f3n propios, cuando usted solicita su inclusi\u00f3n en ellos de forma expresa. El Responsable otorgar\u00e1 a los titulares registrados la constancia de inscripci\u00f3n correspondiente.<\/p>\n<h3 style=\"text-align: justify;\">MEDIDAS DE SEGURIDAD<\/h3>\n<p style=\"text-align: justify;\">Ya que para nosotros es muy importante la protecci\u00f3n de sus datos personales, as\u00ed como de su privacidad,\u00a0<strong>ECOVASOS<\/strong>\u00a0cumple con las medidas t\u00e9cnicas, administrativas y f\u00edsicas para el cuidado de su informaci\u00f3n personal en contra de da\u00f1o, perdida, alteraci\u00f3n, destrucci\u00f3n o el uso, acceso o tratamiento no autorizado.<\/p>\n<h3 style=\"text-align: justify;\">MODIFICACIONES AL AVISO DE PRIVACIDAD<\/h3>\n<p style=\"text-align: justify;\">El responsable podr\u00e1 modificar, actualizar, extender o de cualquier otra forma cambiar el contenido y alcance del presente aviso de privacidad, en cualquier momento y bajo su completa discreci\u00f3n. En tales casos, publicaremos dichos cambios en el sitio\u00a0<u>www.ecovasos.com.mx<\/u><\/p>\n<p style=\"text-align: justify;\">Si el aviso de privacidad tuviere cambios sustanciales, se le comunicar\u00e1 por la v\u00eda de contacto que tengamos de Usted, adem\u00e1s de en la p\u00e1gina web antes citada.<\/p>\n<p style=\"text-align: justify;\">\u00daltima actualizaci\u00f3n el 25 de Mayo del a\u00f1o 2020<\/p>","protected":false},"excerpt":{"rendered":"<p>La protecci\u00f3n de sus datos personales y la privacidad es muy importante, es por eso que ponemos a disposici\u00f3n el presente aviso de privacidad con la intenci\u00f3n de que nuestros clientes y usuarios puedan conocer la informaci\u00f3n de car\u00e1cter personal que se recaba, su finalidad, sus cuidados y m\u00e9todos para ejercer sus derechos ARCO. Le\u00a0\u00a0 [&hellip;]<\/p>\n","protected":false},"author":1,"featured_media":0,"parent":0,"menu_order":0,"comment_status":"closed","ping_status":"open","template":"","meta":{"_exactmetrics_skip_tracking":false,"_exactmetrics_sitenote_active":false,"_exactmetrics_sitenote_note":"","_exactmetrics_sitenote_category":0,"footnotes":""},"class_list":["post-3","page","type-page","status-publish","hentry"],"aioseo_notices":[],"_links":{"self":[{"href":"https:\/\/ecovasos.com.mx\/en\/wp-json\/wp\/v2\/pages\/3","targetHints":{"allow":["GET"]}}],"collection":[{"href":"https:\/\/ecovasos.com.mx\/en\/wp-json\/wp\/v2\/pages"}],"about":[{"href":"https:\/\/ecovasos.com.mx\/en\/wp-json\/wp\/v2\/types\/page"}],"author":[{"embeddable":true,"href":"https:\/\/ecovasos.com.mx\/en\/wp-json\/wp\/v2\/users\/1"}],"replies":[{"embeddable":true,"href":"https:\/\/ecovasos.com.mx\/en\/wp-json\/wp\/v2\/comments?post=3"}],"version-history":[{"count":0,"href":"https:\/\/ecovasos.com.mx\/en\/wp-json\/wp\/v2\/pages\/3\/revisions"}],"wp:attachment":[{"href":"https:\/\/ecovasos.com.mx\/en\/wp-json\/wp\/v2\/media?parent=3"}],"curies":[{"name":"wp","href":"https:\/\/api.w.org\/{rel}","templated":true}]}}